{"id":4788,"date":"2025-11-11T14:06:40","date_gmt":"2025-11-11T17:06:40","guid":{"rendered":"https:\/\/www.shoppingserratalhada.com.br\/?post_type=product&#038;p=4788"},"modified":"2025-11-11T14:06:40","modified_gmt":"2025-11-11T17:06:40","slug":"espaco-cidadania","status":"publish","type":"product","link":"https:\/\/www.shoppingserratalhada.com.br\/?product=espaco-cidadania","title":{"rendered":"Espa\u00e7o Cidadania"},"content":{"rendered":"","protected":false},"excerpt":{"rendered":"<p>Quiosque N\u00ba: 01<br \/>\nLocaliza\u00e7\u00e3o: Alameda de Servi\u00e7os<\/p>\n","protected":false},"featured_media":4785,"template":"","meta":[],"product_cat":[40],"product_tag":[],"class_list":{"0":"post-4788","1":"product","2":"type-product","3":"status-publish","4":"has-post-thumbnail","6":"product_cat-servicos","8":"first","9":"instock","10":"shipping-taxable","11":"product-type-simple"},"_links":{"self":[{"href":"https:\/\/www.shoppingserratalhada.com.br\/index.php?rest_route=\/wp\/v2\/product\/4788","targetHints":{"allow":["GET"]}}],"collection":[{"href":"https:\/\/www.shoppingserratalhada.com.br\/index.php?rest_route=\/wp\/v2\/product"}],"about":[{"href":"https:\/\/www.shoppingserratalhada.com.br\/index.php?rest_route=\/wp\/v2\/types\/product"}],"wp:featuredmedia":[{"embeddable":true,"href":"https:\/\/www.shoppingserratalhada.com.br\/index.php?rest_route=\/wp\/v2\/media\/4785"}],"wp:attachment":[{"href":"https:\/\/www.shoppingserratalhada.com.br\/index.php?rest_route=%2Fwp%2Fv2%2Fmedia&parent=4788"}],"wp:term":[{"taxonomy":"product_cat","embeddable":true,"href":"https:\/\/www.shoppingserratalhada.com.br\/index.php?rest_route=%2Fwp%2Fv2%2Fproduct_cat&post=4788"},{"taxonomy":"product_tag","embeddable":true,"href":"https:\/\/www.shoppingserratalhada.com.br\/index.php?rest_route=%2Fwp%2Fv2%2Fproduct_tag&post=4788"}],"curies":[{"name":"wp","href":"https:\/\/api.w.org\/{rel}","templated":true}]}}