{"id":4784,"date":"2025-11-11T14:05:22","date_gmt":"2025-11-11T17:05:22","guid":{"rendered":"https:\/\/www.shoppingserratalhada.com.br\/?post_type=product&#038;p=4784"},"modified":"2025-11-11T14:05:23","modified_gmt":"2025-11-11T17:05:23","slug":"neoenergia","status":"publish","type":"product","link":"https:\/\/www.shoppingserratalhada.com.br\/?product=neoenergia","title":{"rendered":"Neoenergia"},"content":{"rendered":"","protected":false},"excerpt":{"rendered":"<p>Loja N\u00ba: 119<br \/>\nLocaliza\u00e7\u00e3o: Pr\u00f3ximo \u00e0 escada rolante<\/p>\n","protected":false},"featured_media":4786,"template":"","meta":[],"product_cat":[40],"product_tag":[],"class_list":{"0":"post-4784","1":"product","2":"type-product","3":"status-publish","4":"has-post-thumbnail","6":"product_cat-servicos","8":"first","9":"instock","10":"shipping-taxable","11":"product-type-simple"},"_links":{"self":[{"href":"https:\/\/www.shoppingserratalhada.com.br\/index.php?rest_route=\/wp\/v2\/product\/4784","targetHints":{"allow":["GET"]}}],"collection":[{"href":"https:\/\/www.shoppingserratalhada.com.br\/index.php?rest_route=\/wp\/v2\/product"}],"about":[{"href":"https:\/\/www.shoppingserratalhada.com.br\/index.php?rest_route=\/wp\/v2\/types\/product"}],"wp:featuredmedia":[{"embeddable":true,"href":"https:\/\/www.shoppingserratalhada.com.br\/index.php?rest_route=\/wp\/v2\/media\/4786"}],"wp:attachment":[{"href":"https:\/\/www.shoppingserratalhada.com.br\/index.php?rest_route=%2Fwp%2Fv2%2Fmedia&parent=4784"}],"wp:term":[{"taxonomy":"product_cat","embeddable":true,"href":"https:\/\/www.shoppingserratalhada.com.br\/index.php?rest_route=%2Fwp%2Fv2%2Fproduct_cat&post=4784"},{"taxonomy":"product_tag","embeddable":true,"href":"https:\/\/www.shoppingserratalhada.com.br\/index.php?rest_route=%2Fwp%2Fv2%2Fproduct_tag&post=4784"}],"curies":[{"name":"wp","href":"https:\/\/api.w.org\/{rel}","templated":true}]}}