{"id":4700,"date":"2025-10-08T10:08:27","date_gmt":"2025-10-08T13:08:27","guid":{"rendered":"https:\/\/www.shoppingserratalhada.com.br\/?post_type=product&#038;p=4700"},"modified":"2025-10-08T14:20:01","modified_gmt":"2025-10-08T17:20:01","slug":"mr-pop","status":"publish","type":"product","link":"https:\/\/www.shoppingserratalhada.com.br\/?product=mr-pop","title":{"rendered":"Mr. POP"},"content":{"rendered":"","protected":false},"excerpt":{"rendered":"<p>Quiosque N\u00ba: 12<br \/>\nLocaliza\u00e7\u00e3o: Alameda de Servi\u00e7os<br \/>\n<a href=\"https:\/\/www.instagram.com\/mrpoplanches\/\">Visite o site<\/a><\/p>\n","protected":false},"featured_media":4701,"template":"","meta":[],"product_cat":[28],"product_tag":[],"class_list":{"0":"post-4700","1":"product","2":"type-product","3":"status-publish","4":"has-post-thumbnail","6":"product_cat-alimentacao","8":"first","9":"instock","10":"shipping-taxable","11":"product-type-simple"},"_links":{"self":[{"href":"https:\/\/www.shoppingserratalhada.com.br\/index.php?rest_route=\/wp\/v2\/product\/4700","targetHints":{"allow":["GET"]}}],"collection":[{"href":"https:\/\/www.shoppingserratalhada.com.br\/index.php?rest_route=\/wp\/v2\/product"}],"about":[{"href":"https:\/\/www.shoppingserratalhada.com.br\/index.php?rest_route=\/wp\/v2\/types\/product"}],"wp:featuredmedia":[{"embeddable":true,"href":"https:\/\/www.shoppingserratalhada.com.br\/index.php?rest_route=\/wp\/v2\/media\/4701"}],"wp:attachment":[{"href":"https:\/\/www.shoppingserratalhada.com.br\/index.php?rest_route=%2Fwp%2Fv2%2Fmedia&parent=4700"}],"wp:term":[{"taxonomy":"product_cat","embeddable":true,"href":"https:\/\/www.shoppingserratalhada.com.br\/index.php?rest_route=%2Fwp%2Fv2%2Fproduct_cat&post=4700"},{"taxonomy":"product_tag","embeddable":true,"href":"https:\/\/www.shoppingserratalhada.com.br\/index.php?rest_route=%2Fwp%2Fv2%2Fproduct_tag&post=4700"}],"curies":[{"name":"wp","href":"https:\/\/api.w.org\/{rel}","templated":true}]}}