{"id":4160,"date":"2022-05-30T21:04:37","date_gmt":"2022-05-31T00:04:37","guid":{"rendered":"https:\/\/www.shoppingserratalhada.com.br\/?post_type=product&#038;p=4160"},"modified":"2022-08-23T09:21:41","modified_gmt":"2022-08-23T12:21:41","slug":"burger-king-2","status":"publish","type":"product","link":"https:\/\/www.shoppingserratalhada.com.br\/?product=burger-king-2","title":{"rendered":"Expresso Sorvetes"},"content":{"rendered":"","protected":false},"excerpt":{"rendered":"<p>Quiosque N\u00ba: 5<br \/>\nLocaliza\u00e7\u00e3o: Pra\u00e7a de Eventos<br \/>\n<a href=\"https:\/\/www.instagram.com\/quiosqueexpresso\/\">Visite o site<\/a><\/p>\n","protected":false},"featured_media":4172,"template":"","meta":[],"product_cat":[28],"product_tag":[56],"class_list":{"0":"post-4160","1":"product","2":"type-product","3":"status-publish","4":"has-post-thumbnail","6":"product_cat-alimentacao","7":"product_tag-gastronomia","9":"first","10":"instock","11":"featured","12":"shipping-taxable","13":"product-type-simple"},"_links":{"self":[{"href":"https:\/\/www.shoppingserratalhada.com.br\/index.php?rest_route=\/wp\/v2\/product\/4160","targetHints":{"allow":["GET"]}}],"collection":[{"href":"https:\/\/www.shoppingserratalhada.com.br\/index.php?rest_route=\/wp\/v2\/product"}],"about":[{"href":"https:\/\/www.shoppingserratalhada.com.br\/index.php?rest_route=\/wp\/v2\/types\/product"}],"wp:featuredmedia":[{"embeddable":true,"href":"https:\/\/www.shoppingserratalhada.com.br\/index.php?rest_route=\/wp\/v2\/media\/4172"}],"wp:attachment":[{"href":"https:\/\/www.shoppingserratalhada.com.br\/index.php?rest_route=%2Fwp%2Fv2%2Fmedia&parent=4160"}],"wp:term":[{"taxonomy":"product_cat","embeddable":true,"href":"https:\/\/www.shoppingserratalhada.com.br\/index.php?rest_route=%2Fwp%2Fv2%2Fproduct_cat&post=4160"},{"taxonomy":"product_tag","embeddable":true,"href":"https:\/\/www.shoppingserratalhada.com.br\/index.php?rest_route=%2Fwp%2Fv2%2Fproduct_tag&post=4160"}],"curies":[{"name":"wp","href":"https:\/\/api.w.org\/{rel}","templated":true}]}}