{"id":3811,"date":"2022-01-16T13:31:29","date_gmt":"2022-01-16T16:31:29","guid":{"rendered":"https:\/\/www.shoppingserratalhada.com.br\/?post_type=product&#038;p=3811"},"modified":"2022-08-23T09:39:20","modified_gmt":"2022-08-23T12:39:20","slug":"papo-burguer","status":"publish","type":"product","link":"https:\/\/www.shoppingserratalhada.com.br\/?product=papo-burguer","title":{"rendered":"Papo Burguer"},"content":{"rendered":"","protected":false},"excerpt":{"rendered":"<p>Loja N\u00ba: 155<br \/>\nLocaliza\u00e7\u00e3o: Pra\u00e7a de Alimenta\u00e7\u00e3o<br \/>\nN\u00famero: (87) 99657-9823<br \/>\n<a href=\"https:\/\/www.instagram.com\/papoburguer\/\">Visite o site<\/a><\/p>\n","protected":false},"featured_media":3682,"template":"","meta":[],"product_cat":[28],"product_tag":[56],"class_list":{"0":"post-3811","1":"product","2":"type-product","3":"status-publish","4":"has-post-thumbnail","6":"product_cat-alimentacao","7":"product_tag-gastronomia","9":"first","10":"instock","11":"featured","12":"shipping-taxable","13":"product-type-simple"},"_links":{"self":[{"href":"https:\/\/www.shoppingserratalhada.com.br\/index.php?rest_route=\/wp\/v2\/product\/3811","targetHints":{"allow":["GET"]}}],"collection":[{"href":"https:\/\/www.shoppingserratalhada.com.br\/index.php?rest_route=\/wp\/v2\/product"}],"about":[{"href":"https:\/\/www.shoppingserratalhada.com.br\/index.php?rest_route=\/wp\/v2\/types\/product"}],"wp:featuredmedia":[{"embeddable":true,"href":"https:\/\/www.shoppingserratalhada.com.br\/index.php?rest_route=\/wp\/v2\/media\/3682"}],"wp:attachment":[{"href":"https:\/\/www.shoppingserratalhada.com.br\/index.php?rest_route=%2Fwp%2Fv2%2Fmedia&parent=3811"}],"wp:term":[{"taxonomy":"product_cat","embeddable":true,"href":"https:\/\/www.shoppingserratalhada.com.br\/index.php?rest_route=%2Fwp%2Fv2%2Fproduct_cat&post=3811"},{"taxonomy":"product_tag","embeddable":true,"href":"https:\/\/www.shoppingserratalhada.com.br\/index.php?rest_route=%2Fwp%2Fv2%2Fproduct_tag&post=3811"}],"curies":[{"name":"wp","href":"https:\/\/api.w.org\/{rel}","templated":true}]}}