{"id":3807,"date":"2022-01-16T13:29:42","date_gmt":"2022-01-16T16:29:42","guid":{"rendered":"https:\/\/www.shoppingserratalhada.com.br\/?post_type=product&#038;p=3807"},"modified":"2022-08-23T11:44:36","modified_gmt":"2022-08-23T14:44:36","slug":"grill-cia","status":"publish","type":"product","link":"https:\/\/www.shoppingserratalhada.com.br\/?product=grill-cia","title":{"rendered":"Grill &#038; Cia"},"content":{"rendered":"","protected":false},"excerpt":{"rendered":"<p>Loja N\u00ba: 153<br \/>\nLocaliza\u00e7\u00e3o: Pra\u00e7a de Alimenta\u00e7\u00e3o<br \/>\nN\u00famero: (87) 99986-0134<br \/>\n<a href=\"https:\/\/www.instagram.com\/grilleciashoppingst\/\">Visite o site<\/a><\/p>\n","protected":false},"featured_media":3684,"template":"","meta":[],"product_cat":[28],"product_tag":[56],"class_list":{"0":"post-3807","1":"product","2":"type-product","3":"status-publish","4":"has-post-thumbnail","6":"product_cat-alimentacao","7":"product_tag-gastronomia","9":"first","10":"instock","11":"featured","12":"shipping-taxable","13":"product-type-simple"},"_links":{"self":[{"href":"https:\/\/www.shoppingserratalhada.com.br\/index.php?rest_route=\/wp\/v2\/product\/3807","targetHints":{"allow":["GET"]}}],"collection":[{"href":"https:\/\/www.shoppingserratalhada.com.br\/index.php?rest_route=\/wp\/v2\/product"}],"about":[{"href":"https:\/\/www.shoppingserratalhada.com.br\/index.php?rest_route=\/wp\/v2\/types\/product"}],"wp:featuredmedia":[{"embeddable":true,"href":"https:\/\/www.shoppingserratalhada.com.br\/index.php?rest_route=\/wp\/v2\/media\/3684"}],"wp:attachment":[{"href":"https:\/\/www.shoppingserratalhada.com.br\/index.php?rest_route=%2Fwp%2Fv2%2Fmedia&parent=3807"}],"wp:term":[{"taxonomy":"product_cat","embeddable":true,"href":"https:\/\/www.shoppingserratalhada.com.br\/index.php?rest_route=%2Fwp%2Fv2%2Fproduct_cat&post=3807"},{"taxonomy":"product_tag","embeddable":true,"href":"https:\/\/www.shoppingserratalhada.com.br\/index.php?rest_route=%2Fwp%2Fv2%2Fproduct_tag&post=3807"}],"curies":[{"name":"wp","href":"https:\/\/api.w.org\/{rel}","templated":true}]}}