{"id":3735,"date":"2022-01-13T17:48:08","date_gmt":"2022-01-13T20:48:08","guid":{"rendered":"https:\/\/www.shoppingserratalhada.com.br\/?post_type=product&#038;p=3735"},"modified":"2022-12-20T15:26:10","modified_gmt":"2022-12-20T18:26:10","slug":"top-digital","status":"publish","type":"product","link":"https:\/\/www.shoppingserratalhada.com.br\/?product=top-digital","title":{"rendered":"Top Digital"},"content":{"rendered":"","protected":false},"excerpt":{"rendered":"<p>Loja N\u00ba: 009<br \/>\nLocaliza\u00e7\u00e3o: Alameda de Servi\u00e7os<\/p>\n","protected":false},"featured_media":3715,"template":"","meta":[],"product_cat":[40],"product_tag":[66],"class_list":{"0":"post-3735","1":"product","2":"type-product","3":"status-publish","4":"has-post-thumbnail","6":"product_cat-servicos","7":"product_tag-servicos","9":"first","10":"instock","11":"featured","12":"shipping-taxable","13":"product-type-simple"},"_links":{"self":[{"href":"https:\/\/www.shoppingserratalhada.com.br\/index.php?rest_route=\/wp\/v2\/product\/3735","targetHints":{"allow":["GET"]}}],"collection":[{"href":"https:\/\/www.shoppingserratalhada.com.br\/index.php?rest_route=\/wp\/v2\/product"}],"about":[{"href":"https:\/\/www.shoppingserratalhada.com.br\/index.php?rest_route=\/wp\/v2\/types\/product"}],"wp:featuredmedia":[{"embeddable":true,"href":"https:\/\/www.shoppingserratalhada.com.br\/index.php?rest_route=\/wp\/v2\/media\/3715"}],"wp:attachment":[{"href":"https:\/\/www.shoppingserratalhada.com.br\/index.php?rest_route=%2Fwp%2Fv2%2Fmedia&parent=3735"}],"wp:term":[{"taxonomy":"product_cat","embeddable":true,"href":"https:\/\/www.shoppingserratalhada.com.br\/index.php?rest_route=%2Fwp%2Fv2%2Fproduct_cat&post=3735"},{"taxonomy":"product_tag","embeddable":true,"href":"https:\/\/www.shoppingserratalhada.com.br\/index.php?rest_route=%2Fwp%2Fv2%2Fproduct_tag&post=3735"}],"curies":[{"name":"wp","href":"https:\/\/api.w.org\/{rel}","templated":true}]}}