{"id":160,"date":"2017-12-19T05:32:20","date_gmt":"2017-12-19T05:32:20","guid":{"rendered":"https:\/\/www.shoppingserratalhada.com.br\/index.php\/produto\/anchor-bracelet\/"},"modified":"2022-08-23T17:02:25","modified_gmt":"2022-08-23T20:02:25","slug":"serra-china","status":"publish","type":"product","link":"https:\/\/www.shoppingserratalhada.com.br\/?product=serra-china","title":{"rendered":"Serra China"},"content":{"rendered":"","protected":false},"excerpt":{"rendered":"<p>Loja N\u00ba: 148<br \/>\nLocaliza\u00e7\u00e3o: Pra\u00e7a de Alimenta\u00e7\u00e3o<br \/>\nN\u00famero: (87) 99613-6528<br \/>\n<a href=\"https:\/\/www.instagram.com\/serrachina\/\">Visite o site<\/a><\/p>\n","protected":false},"featured_media":3688,"template":"","meta":[],"product_cat":[28],"product_tag":[56],"class_list":{"0":"post-160","1":"product","2":"type-product","3":"status-publish","4":"has-post-thumbnail","6":"product_cat-alimentacao","7":"product_tag-gastronomia","9":"first","10":"instock","11":"featured","12":"shipping-taxable","13":"product-type-simple"},"_links":{"self":[{"href":"https:\/\/www.shoppingserratalhada.com.br\/index.php?rest_route=\/wp\/v2\/product\/160","targetHints":{"allow":["GET"]}}],"collection":[{"href":"https:\/\/www.shoppingserratalhada.com.br\/index.php?rest_route=\/wp\/v2\/product"}],"about":[{"href":"https:\/\/www.shoppingserratalhada.com.br\/index.php?rest_route=\/wp\/v2\/types\/product"}],"wp:featuredmedia":[{"embeddable":true,"href":"https:\/\/www.shoppingserratalhada.com.br\/index.php?rest_route=\/wp\/v2\/media\/3688"}],"wp:attachment":[{"href":"https:\/\/www.shoppingserratalhada.com.br\/index.php?rest_route=%2Fwp%2Fv2%2Fmedia&parent=160"}],"wp:term":[{"taxonomy":"product_cat","embeddable":true,"href":"https:\/\/www.shoppingserratalhada.com.br\/index.php?rest_route=%2Fwp%2Fv2%2Fproduct_cat&post=160"},{"taxonomy":"product_tag","embeddable":true,"href":"https:\/\/www.shoppingserratalhada.com.br\/index.php?rest_route=%2Fwp%2Fv2%2Fproduct_tag&post=160"}],"curies":[{"name":"wp","href":"https:\/\/api.w.org\/{rel}","templated":true}]}}