{"id":43,"date":"2017-12-17T10:06:43","date_gmt":"2017-12-17T12:06:43","guid":{"rendered":"https:\/\/www.shoppingserratalhada.com.br\/index.php\/about\/"},"modified":"2022-05-29T10:56:29","modified_gmt":"2022-05-29T13:56:29","slug":"sobre","status":"publish","type":"page","link":"https:\/\/www.shoppingserratalhada.com.br\/?page_id=43","title":{"rendered":"Sobre"},"content":{"rendered":"<p>O Shopping Serra Talhada \u00e9 <strong>o primeiro e \u00fanico centro de compras, entretenimento e servi\u00e7os da regi\u00e3o do Paje\u00fa<\/strong>. Inaugurado em julho de 2020, o shopping chegou para que todos os seus clientes possam <strong>viver o melhor em um espa\u00e7o com estruturas modernas, conforto e seguran\u00e7a<\/strong>, representado uma grande mudan\u00e7a para a cidade de Serra Talhada e regi\u00e3o.<\/p>\n<p>O empreendimento contou com um investimento m\u00e9dio de 40 milh\u00f5es, <strong>10.960,29m\u00b2 de ABL<\/strong> (\u00c1rea Bruta Loc\u00e1vel) e est\u00e1 em conformidade com as normas da <strong>ABRASCE &#8211; Associa\u00e7\u00e3o Brasileira de Shopping Centers<\/strong>. S\u00e3o 79 opera\u00e7\u00f5es, distribu\u00eddas em lojas: \u00e2ncoras, semi\u00e2ncoras, sat\u00e9lites e quiosques, dentre as quais podemos destacar, Cine A com 3 salas de cinema de \u00faltima gera\u00e7\u00e3o, Le Biscuit, Lojas Americanas, Farm\u00e1cia Pague Menos, Colcci, Espa\u00e7o Laser, O Botic\u00e1rio, Lot\u00e9rica, Burger King, Selfit, Uninassau, entre outras grandes marcas. Sem contar que, em breve, receberemos o JD Trade Center, o primeiro pr\u00e9dio empresarial ligado a um shopping do Sert\u00e3o. Um Ibis Hotel est\u00e1 em constru\u00e7\u00e3o e tamb\u00e9m ser\u00e1 integrado ao shopping. Ambos possuem previs\u00e3o de inaugura\u00e7\u00e3o para o 2\u00b0 semestre de 2023.<\/p>\n<p>Pensando no conforto e acessibilidade de nossos clientes e frequentadores, contamos com uma pra\u00e7a de alimenta\u00e7\u00e3o completa e super moderna, escadas rolantes e elevador, al\u00e9m de uma ampla \u00e1rea de estacionamento.<\/p>\n<p>\u00a0<\/p>\n\n\n<div class=\"wp-block-media-text alignwide is-stacked-on-mobile\" style=\"grid-template-columns:69% auto\"><figure class=\"wp-block-media-text__media\"><img loading=\"lazy\" decoding=\"async\" width=\"1024\" height=\"683\" src=\"https:\/\/www.shoppingserratalhada.com.br\/wp-content\/uploads\/2022\/03\/sst_fachada2-1024x683.jpg\" alt=\"\" class=\"wp-image-4054 size-full\" srcset=\"https:\/\/www.shoppingserratalhada.com.br\/wp-content\/uploads\/2022\/03\/sst_fachada2-1024x683.jpg 1024w, https:\/\/www.shoppingserratalhada.com.br\/wp-content\/uploads\/2022\/03\/sst_fachada2-300x200.jpg 300w, https:\/\/www.shoppingserratalhada.com.br\/wp-content\/uploads\/2022\/03\/sst_fachada2-768x512.jpg 768w, https:\/\/www.shoppingserratalhada.com.br\/wp-content\/uploads\/2022\/03\/sst_fachada2-1536x1024.jpg 1536w, https:\/\/www.shoppingserratalhada.com.br\/wp-content\/uploads\/2022\/03\/sst_fachada2-2048x1365.jpg 2048w, https:\/\/www.shoppingserratalhada.com.br\/wp-content\/uploads\/2022\/03\/sst_fachada2-500x333.jpg 500w\" sizes=\"auto, (max-width: 1024px) 100vw, 1024px\" \/><\/figure><div class=\"wp-block-media-text__content\">\n<p><strong>Nossos N\u00fameros<\/strong><\/p>\n\n\n\n<p class=\"has-text-align-left\">ABL: 10.960,29 m\u00b2<br>N\u00famero total de lojas: 79<br>Lojas-\u00c2ncora: 03<br>Lojas-Sat\u00e9lite: 39<br>Lojas de Servi\u00e7o: 24<br>Restaurantes: 12<br>Quiosques: 08<br>Parque de Divers\u00e3o: 01<br>Salas De Cinema: 03<br>Vagas estacionamento: mais de 500<\/p>\n<\/div><\/div>\n","protected":false},"excerpt":{"rendered":"<p>O Shopping Serra Talhada \u00e9 o primeiro e \u00fanico centro de compras, entretenimento e servi\u00e7os da regi\u00e3o do Paje\u00fa. Inaugurado em julho de 2020, o shopping chegou para que todos os seus clientes possam viver o melhor em um espa\u00e7o com estruturas modernas, conforto e seguran\u00e7a, representado uma grande mudan\u00e7a para a cidade de Serra<\/p><\/div>\n<div class=\"blog-btn\"><a href=\"https:\/\/www.shoppingserratalhada.com.br\/?page_id=43\" class=\"home-blog-btn\">Ler mais<\/a><\/p>\n","protected":false},"author":1,"featured_media":0,"parent":0,"menu_order":0,"comment_status":"closed","ping_status":"closed","template":"template\/template-page-full-width.php","meta":{"footnotes":""},"class_list":["post-43","page","type-page","status-publish","hentry"],"_links":{"self":[{"href":"https:\/\/www.shoppingserratalhada.com.br\/index.php?rest_route=\/wp\/v2\/pages\/43","targetHints":{"allow":["GET"]}}],"collection":[{"href":"https:\/\/www.shoppingserratalhada.com.br\/index.php?rest_route=\/wp\/v2\/pages"}],"about":[{"href":"https:\/\/www.shoppingserratalhada.com.br\/index.php?rest_route=\/wp\/v2\/types\/page"}],"author":[{"embeddable":true,"href":"https:\/\/www.shoppingserratalhada.com.br\/index.php?rest_route=\/wp\/v2\/users\/1"}],"replies":[{"embeddable":true,"href":"https:\/\/www.shoppingserratalhada.com.br\/index.php?rest_route=%2Fwp%2Fv2%2Fcomments&post=43"}],"version-history":[{"count":29,"href":"https:\/\/www.shoppingserratalhada.com.br\/index.php?rest_route=\/wp\/v2\/pages\/43\/revisions"}],"predecessor-version":[{"id":4130,"href":"https:\/\/www.shoppingserratalhada.com.br\/index.php?rest_route=\/wp\/v2\/pages\/43\/revisions\/4130"}],"wp:attachment":[{"href":"https:\/\/www.shoppingserratalhada.com.br\/index.php?rest_route=%2Fwp%2Fv2%2Fmedia&parent=43"}],"curies":[{"name":"wp","href":"https:\/\/api.w.org\/{rel}","templated":true}]}}